{"id":35,"date":"2021-11-06T16:46:39","date_gmt":"2021-11-06T16:46:39","guid":{"rendered":"https:\/\/www.immobilien-kleinle.de\/index.php\/one-page-express\/"},"modified":"2025-02-17T19:04:36","modified_gmt":"2025-02-17T19:04:36","slug":"one-page-express","status":"publish","type":"page","link":"https:\/\/www.immobilien-kleinle.de\/","title":{"rendered":"Home"},"content":{"rendered":"<div  data-label=\"About\" data-id=\"about-four-boxes-section\" data-category=\"about\" class=\"about-four-boxes-section\" id=\"about-2\" style=\"background-color: rgb(246, 246, 246);\"> <div  class=\"gridContainer\"> <div  class=\"about-four-boxes-innerrow flexbox-list\"> <div  class=\"about-four-boxes-imgcol\" data-bg=\"image\" style=\"background-image: url(&quot;https:\/\/www.immobilien-kleinle.de\/wp-content\/uploads\/2025\/02\/KEy-e1739617807920.webp&quot;);\"><\/div> <div  class=\"about-four-boxes-textcol\" data-type=\"column\"> <h6  class=\"\">\u201eWillkommen bei Immobilien Kleinle \u2013<\/h6>  <p  class=\"\">Ihrem erfahrenen Partner f\u00fcr Immobilien in Mertingen und Umgebung. Ob Sie Ihr Traumhaus suchen oder Ihre Immobilie verkaufen m\u00f6chten: Wir begleiten Sie professionell, pers\u00f6nlich und zuverl\u00e4ssig. Vertrauen Sie auf unsere Erfahrung und umfassende Marktkenntnis!\u201c<\/p> <\/div> <div  class=\"about-four-boxes-textcol\" data-type=\"column\"> <h6  class=\"\">JAhrelange Erfahrung<\/h6>  <p  class=\"\">\u201eImmobilien Kleinle \u2013 mehr als nur ein Makler. \n<br >Seit 1989&nbsp; setzen wir uns mit Leidenschaft und Engagement f\u00fcr unsere Kunden ein. \n<br ><br >Unser Ziel: Ihre Immobilienziele zu verwirklichen. Vertrauen Sie auf unser regionales Netzwerk und unsere Expertise.\u201c<\/p> <\/div> <div  class=\"about-four-boxes-imgcol2\" data-bg=\"image\" style=\"background-image: url(&quot;https:\/\/www.immobilien-kleinle.de\/wp-content\/uploads\/2025\/02\/wohnung.webp&quot;);\"><\/div> <\/div> <\/div><\/div><div data-label=\"About\" data-id=\"about-four-boxes-section-1\" data-category=\"about\" class=\"about-four-boxes-section about-four-boxes-section-1\" id=\"about-1\"  style=\"background-color: rgb(246, 246, 246);\"> <div class=\"gridContainer\" > <div class=\"about-four-boxes-innerrow flexbox-list\" > <div class=\"about-four-boxes-imgcol\" data-bg=\"image\"  style=\"background-image: url(&quot;https:\/\/www.immobilien-kleinle.de\/wp-content\/uploads\/2025\/02\/linkskey-e1739818593825.webp&quot;);\"><\/div> <div class=\"about-four-boxes-textcol\" data-type=\"column\" > <h6 class=\"\" >Warum Immobilien Kleinle?<\/h6>  <p class=\"\" >\n<br ><br >\u2714 35 Jahre Erfahrung \u2013 Seit 1989 erfolgreich am Immobilienmarkt t\u00e4tig<br >\n\u2714 Regionale Expertise \u2013 Wir kennen den Immobilienmarkt in Donauw\u00f6rth, Mertingen &amp; Umgebung\n<br ><br >\n<br ><\/p> <\/div> <div class=\"about-four-boxes-textcol\" data-type=\"column\" >   <p class=\"\" >\u2714 Pers\u00f6nliche Betreuung \u2013 Individuelle Beratung f\u00fcr K\u00e4ufer und Verk\u00e4ufer<br >\n\u2714 Starkes Netzwerk \u2013 Kontakte zu K\u00e4ufern, Verk\u00e4ufern, Banken und Notaren in der Region<br >\nEgal, ob Sie eine Eigentumswohnung in Donauw\u00f6rth kaufen, ein Haus in Mertingen verkaufen oder eine Immobilienbewertung im Landkreis Donau-Ries ben\u00f6tigen \u2013 wir sind Ihr verl\u00e4sslicher Partner vor Ort.\n<br ><br >\n<br ><\/p> <\/div> <div class=\"about-four-boxes-imgcol2\" data-bg=\"image\"  style=\"background-image: url(&quot;https:\/\/www.immobilien-kleinle.de\/wp-content\/uploads\/2025\/02\/link22e.webp&quot;);\"><\/div> <\/div> <\/div><\/div><div  id=\"portfolio-2\" style=\"background-color: #ffffff;\" data-label=\"Portfolio\" data-id=\"portfolio-full-section\" data-category=\"portfolio\">\n<div  class=\"portfolio-full-section\" data-type=\"row\">\n<div  class=\"portfolio-full-projectco cp4cols cp4cols-tablet\">\n<div  id=\"ContentSwap103\" class=\"contentswap-effect ContentSwap103\">\n<div  class=\"ContentSwap103_content initial-image\"><\/div>\n<\/div>\n<\/div>\n\n\n<\/div>\n<\/div><div  id=\"overlapable-2\" class=\"features-coloured-icon-boxes-section\" style=\"background-color: #ffffff;\" data-label=\"Overlapable\" data-id=\"stripped-coloured-icon-boxes\" data-category=\"overlapable\" data-overlap=\"true\">\n<div  class=\"gridContainer\">\n<div  class=\"features-coloured-icon-boxes-innerrow flexbox-list dark-text\" data-type=\"row\">\n<div  class=\"features-coloured-icon-boxes-featurecol cp3cols\">\n<p  class=\"\"><\/p>\n<img loading=\"lazy\"  decoding=\"async\" src=\"https:\/\/www.immowelt.de\/app_themes\/global_rwd\/image\/logo\/partner-awards\/partneraward_partner.svg\" alt=\"Immowelt-Partner Alfred Kleinle Immobilien\" width=\"175\" height=\"175\" class=\"\">.\n\n<a  class=\"button color1\" href=\"https:\/\/www.immowelt.de\/profil\/80d06b9a983c413798f1507432069731\/#objects\" target=\"_blank\" rel=\"noopener\" data-icon=\"\">Aktuelle Objekte<\/a>\n\n<\/div>\n<div  class=\"features-coloured-icon-boxes-featurecol cp3cols\">\n<div  class=\"features-coloured-icon-boxes-iconcontainer\" data-content-item-container=\"true\"><\/div>\n<h4  class=\"\">Ihr direkter Draht zu uns<\/h4>\n<p  class=\"\">&nbsp;Alfred Kleinle\n\nTel.: 09078\/656\n\nMobil: 0171\/8111442<\/p>\n<a  class=\"features-coloured-button button transparent\" href=\"https:\/\/www.immobilien-kleinle.de\" target=\"_self\" rel=\"noopener\" data-icon=\"\">Kontakt Formular<\/a>\n\n<\/div>\n<div  class=\"features-coloured-icon-boxes-featurecol cp3cols\">\n<div  class=\"features-coloured-icon-boxes-iconcontainer\" data-content-item-container=\"true\"><\/div>\n<h4  class=\"\">Ebay Kleinanzeigen<\/h4>\n<p  class=\"\">Hier gibt es unsere Immobilien-Angebote auf Ebay zu sehen.<\/p>\n<a  class=\"features-coloured-button button transparent\" href=\"https:\/\/www.ebay-kleinanzeigen.de\/s-bestandsliste.html?userId=35500339\" target=\"_blank\" rel=\"noopener\" data-icon=\"\">zu Ebay<\/a>\n\n<\/div>\n\n<\/div>\n<\/div>\n<\/div>","protected":false},"excerpt":{"rendered":"<p>\u201eWillkommen bei Immobilien Kleinle \u2013 Ihrem erfahrenen Partner f\u00fcr Immobilien in Mertingen und Umgebung. Ob Sie Ihr Traumhaus suchen oder Ihre Immobilie verkaufen m\u00f6chten: Wir begleiten Sie professionell, pers\u00f6nlich und zuverl\u00e4ssig. Vertrauen Sie auf unsere Erfahrung und umfassende Marktkenntnis!\u201c JAhrelange Erfahrung \u201eImmobilien Kleinle \u2013 mehr als nur ein Makler. Seit 1989&nbsp; setzen wir uns mit&hellip; <br \/> <a class=\"button small blue\" href=\"https:\/\/www.immobilien-kleinle.de\/index.php\/2021\/10\/05\/hello-world\/\">Weiterlesen<\/a><\/p>\n","protected":false},"author":1,"featured_media":0,"parent":0,"menu_order":0,"comment_status":"closed","ping_status":"closed","template":"","meta":{"footnotes":""},"class_list":["post-35","page","type-page","status-publish","hentry"],"_links":{"self":[{"href":"https:\/\/www.immobilien-kleinle.de\/index.php\/wp-json\/wp\/v2\/pages\/35","targetHints":{"allow":["GET"]}}],"collection":[{"href":"https:\/\/www.immobilien-kleinle.de\/index.php\/wp-json\/wp\/v2\/pages"}],"about":[{"href":"https:\/\/www.immobilien-kleinle.de\/index.php\/wp-json\/wp\/v2\/types\/page"}],"author":[{"embeddable":true,"href":"https:\/\/www.immobilien-kleinle.de\/index.php\/wp-json\/wp\/v2\/users\/1"}],"replies":[{"embeddable":true,"href":"https:\/\/www.immobilien-kleinle.de\/index.php\/wp-json\/wp\/v2\/comments?post=35"}],"version-history":[{"count":17,"href":"https:\/\/www.immobilien-kleinle.de\/index.php\/wp-json\/wp\/v2\/pages\/35\/revisions"}],"predecessor-version":[{"id":117,"href":"https:\/\/www.immobilien-kleinle.de\/index.php\/wp-json\/wp\/v2\/pages\/35\/revisions\/117"}],"wp:attachment":[{"href":"https:\/\/www.immobilien-kleinle.de\/index.php\/wp-json\/wp\/v2\/media?parent=35"}],"curies":[{"name":"wp","href":"https:\/\/api.w.org\/{rel}","templated":true}]}}